{"id":32500,"date":"2025-07-01T19:35:40","date_gmt":"2025-07-01T19:35:40","guid":{"rendered":"https:\/\/wodiza.eu\/?page_id=32500"},"modified":"2025-08-21T18:10:48","modified_gmt":"2025-08-21T18:10:48","slug":"impressum","status":"publish","type":"page","link":"https:\/\/wodiza.eu\/en\/impressum\/","title":{"rendered":"imprint"},"content":{"rendered":"<div data-elementor-type=\"wp-page\" data-elementor-id=\"32500\" class=\"elementor elementor-32500\">\n\t\t\t\t<div class=\"wd-negative-gap elementor-element elementor-element-bd67715 e-flex e-con-boxed e-con e-parent\" data-id=\"bd67715\" data-element_type=\"container\" data-e-type=\"container\">\n\t\t\t\t\t<div class=\"e-con-inner\">\n\t\t\t\t<div class=\"elementor-element elementor-element-9a41780 elementor-widget elementor-widget-wd_text_block\" data-id=\"9a41780\" data-element_type=\"widget\" data-e-type=\"widget\" data-widget_type=\"wd_text_block.default\">\n\t\t\t\t<div class=\"elementor-widget-container\">\n\t\t\t\t\t\t\t<div class=\"wd-text-block reset-last-child text-left\">\n\t\t\t\n\t\t\t<p>Yakoz Ladenbau GmbH<br \/>Otto-Hahn-Str. 17<br \/>63303 Dreieich<br \/>Germany<br \/><br \/>Phone: +4961037066500<br \/>Email: info@wodiza.de<br \/><br \/>Register court: Offenbach am Main District Court<br \/>Registration number: HRB: 51120<br \/><br \/>Managing Director: Yahya \u00d6ks\u00fcz<br \/><br \/>VAT identification number: DE 320 233 793<br \/><br \/>We are neither obliged nor willing to participate in dispute resolution proceedings before a consumer arbitration board.<\/p>\n\t\t\t\t\t<\/div>\n\t\t\t\t\t\t<\/div>\n\t\t\t\t<\/div>\n\t\t\t\t\t<\/div>\n\t\t\t\t<\/div>\n\t\t\t\t<\/div>","protected":false},"excerpt":{"rendered":"<p>Yakoz Ladenbau GmbHOtto-Hahn-Str. 1763303 DreieichDeutschland Tel.: +4961037066500E-Mail: info@wodiza.de Registergericht: Amtsgericht Offenbach am MainRegisternummer: HRB: 51120 Gesch\u00e4ftsf\u00fchrer: Yahya \u00d6ks\u00fcz Umsatzsteuer-Identifikationsnummer: DE<\/p>","protected":false},"author":1,"featured_media":0,"parent":0,"menu_order":0,"comment_status":"closed","ping_status":"closed","template":"","meta":{"footnotes":""},"class_list":["post-32500","page","type-page","status-publish","hentry"],"_links":{"self":[{"href":"https:\/\/wodiza.eu\/en\/wp-json\/wp\/v2\/pages\/32500","targetHints":{"allow":["GET"]}}],"collection":[{"href":"https:\/\/wodiza.eu\/en\/wp-json\/wp\/v2\/pages"}],"about":[{"href":"https:\/\/wodiza.eu\/en\/wp-json\/wp\/v2\/types\/page"}],"author":[{"embeddable":true,"href":"https:\/\/wodiza.eu\/en\/wp-json\/wp\/v2\/users\/1"}],"replies":[{"embeddable":true,"href":"https:\/\/wodiza.eu\/en\/wp-json\/wp\/v2\/comments?post=32500"}],"version-history":[{"count":10,"href":"https:\/\/wodiza.eu\/en\/wp-json\/wp\/v2\/pages\/32500\/revisions"}],"predecessor-version":[{"id":32522,"href":"https:\/\/wodiza.eu\/en\/wp-json\/wp\/v2\/pages\/32500\/revisions\/32522"}],"wp:attachment":[{"href":"https:\/\/wodiza.eu\/en\/wp-json\/wp\/v2\/media?parent=32500"}],"curies":[{"name":"wp","href":"https:\/\/api.w.org\/{rel}","templated":true}]}}